{"id":154,"date":"2024-11-30T13:26:11","date_gmt":"2024-11-30T12:26:11","guid":{"rendered":"https:\/\/www.acadubarbage.com\/?page_id=154"},"modified":"2025-02-28T13:18:48","modified_gmt":"2025-02-28T12:18:48","slug":"accueil","status":"publish","type":"page","link":"https:\/\/www.acadubarbage.com\/","title":{"rendered":"Accueil"},"content":{"rendered":"\n<div class=\"wp-block-cover alignfull has-parallax has-custom-content-position is-position-top-center\" style=\"margin-top:0;margin-bottom:0;padding-top:0;padding-bottom:0;min-height:636px;aspect-ratio:unset;\"><span aria-hidden=\"true\" class=\"wp-block-cover__background has-black-background-color has-background-dim-20 has-background-dim\"><\/span><div class=\"wp-block-cover__image-background wp-image-234 has-parallax\" style=\"background-position:50% 50%;background-image:url(http:\/\/www.acadubarbage.com\/wp-content\/uploads\/2024\/12\/1686499898-cover.webp)\"><\/div><div class=\"wp-block-cover__inner-container is-layout-constrained wp-container-core-cover-is-layout-4897f5cc wp-block-cover-is-layout-constrained\">\n<h2 class=\"wp-block-heading has-text-align-center has-text-color\" style=\"color:#ffffff;margin-bottom:0;font-size:50px;font-style:normal;font-weight:400;line-height:1\"><br>Bed and Breakfast<\/h2>\n\n\n\n<h1 class=\"wp-block-heading has-text-align-center has-text-color has-chancery-font-family\" style=\"color:#ffffff;margin-top:7px;margin-right:0;margin-bottom:7px;margin-left:0;font-size:117px;font-style:normal;font-weight:400;line-height:0.8\">A C\u00e0 du Barba G\u00e8<\/h1>\n\n\n\n<p class=\"has-text-align-center has-text-color\" style=\"color:#ffffff;margin-top:var(--wp--preset--spacing--30);margin-bottom:2rem;font-size:16px\">Vallebona<br>D\u00e9couvrez le charme italien dans un cadre enchanteur et relaxant.<\/p>\n\n\n\n<div class=\"wp-block-buttons is-content-justification-center is-layout-flex wp-container-core-buttons-is-layout-a89b3969 wp-block-buttons-is-layout-flex\">\n<div class=\"wp-block-button has-custom-font-size\" style=\"font-size:14px;line-height:1\"><a class=\"wp-block-button__link has-text-color has-background wp-element-button\" href=\"https:\/\/www.booking.com\/hotel\/it\/a-ca-du-barba-ge.fr.html\" style=\"border-width:1px;color:#536942;background-color:#ffd835;padding-top:17px;padding-right:40px;padding-bottom:17px;padding-left:40px\">R\u00e9servez Maintenant<\/a><\/div>\n<\/div>\n<\/div><\/div>\n\n\n\n<div class=\"wp-block-group alignfull is-layout-constrained wp-container-core-group-is-layout-f63eccc4 wp-block-group-is-layout-constrained\" style=\"margin-top:0;margin-bottom:0;padding-top:5.51rem;padding-right:1rem;padding-bottom:3rem;padding-left:1rem\">\n<div class=\"wp-block-group alignwide is-layout-constrained wp-block-group-is-layout-constrained\" style=\"padding-bottom:1rem\">\n<h2 class=\"wp-block-heading has-text-align-center has-text-color\" style=\"color:#07277c;font-size:2.61rem;font-style:normal;font-weight:600;line-height:1.5;text-transform:capitalize\">Nos Suites<\/h2>\n<\/div>\n\n\n\n<div class=\"wp-block-group alignwide is-layout-constrained wp-container-core-group-is-layout-1cf432e6 wp-block-group-is-layout-constrained\" style=\"margin-top:1.01rem\">\n<div class=\"wp-block-columns alignwide is-layout-flex wp-container-core-columns-is-layout-85231905 wp-block-columns-is-layout-flex\">\n<div class=\"wp-block-column is-content-justification-center is-layout-constrained wp-container-core-column-is-layout-412b4476 wp-block-column-is-layout-constrained\" style=\"padding-bottom:2rem\">\n<div class=\"wp-block-group is-layout-constrained wp-container-core-group-is-layout-668d2085 wp-block-group-is-layout-constrained\">\n<figure class=\"wp-block-image aligncenter size-full has-custom-border is-style-default wp-duotone-unset-1\" style=\"margin-top:0;margin-right:0;margin-bottom:0;margin-left:0\"><a href=\"https:\/\/www.acadubarbage.com\/index.php\/chambre-bleu\/\"><img fetchpriority=\"high\" decoding=\"async\" width=\"1600\" height=\"1200\" src=\"http:\/\/www.acadubarbage.com\/wp-content\/uploads\/2024\/11\/WhatsApp-Image-2024-11-19-a-20.24.16_1215df59.jpg\" alt=\"\" class=\"wp-image-124\" style=\"border-style:none;border-width:0px;border-radius:15px;aspect-ratio:1;object-fit:cover\" srcset=\"https:\/\/www.acadubarbage.com\/wp-content\/uploads\/2024\/11\/WhatsApp-Image-2024-11-19-a-20.24.16_1215df59.jpg 1600w, https:\/\/www.acadubarbage.com\/wp-content\/uploads\/2024\/11\/WhatsApp-Image-2024-11-19-a-20.24.16_1215df59-300x225.jpg 300w, https:\/\/www.acadubarbage.com\/wp-content\/uploads\/2024\/11\/WhatsApp-Image-2024-11-19-a-20.24.16_1215df59-1024x768.jpg 1024w, https:\/\/www.acadubarbage.com\/wp-content\/uploads\/2024\/11\/WhatsApp-Image-2024-11-19-a-20.24.16_1215df59-768x576.jpg 768w, https:\/\/www.acadubarbage.com\/wp-content\/uploads\/2024\/11\/WhatsApp-Image-2024-11-19-a-20.24.16_1215df59-1536x1152.jpg 1536w\" sizes=\"(max-width: 1600px) 100vw, 1600px\" \/><\/a><\/figure>\n\n\n\n<h5 class=\"wp-block-heading has-text-align-center has-text-color\" style=\"color:#07277c;font-size:1.61rem;font-style:normal;font-weight:600;line-height:1.4;text-transform:capitalize\">Chambre Bleu<\/h5>\n<\/div>\n\n\n\n<div class=\"wp-block-group is-layout-constrained wp-container-core-group-is-layout-4f9f0532 wp-block-group-is-layout-constrained\">\n<p class=\"has-text-align-center has-text-color\" style=\"color:#252525;margin-top:0rem;font-size:0.91rem;font-style:normal;font-weight:400;line-height:1.5\">D\u00e9couvrez notre Suite Bleue, un havre de paix alliant \u00e9l\u00e9gance et confort, avec des nuances apaisantes et un espace lumineux pour une d\u00e9tente absolue.<\/p>\n<\/div>\n<\/div>\n\n\n\n<div class=\"wp-block-column is-layout-constrained wp-container-core-column-is-layout-a3af4fe5 wp-block-column-is-layout-constrained\" style=\"padding-bottom:2rem\">\n<div class=\"wp-block-group is-layout-constrained wp-container-core-group-is-layout-668d2085 wp-block-group-is-layout-constrained\">\n<figure class=\"wp-block-image aligncenter size-full has-custom-border\"><a href=\"https:\/\/www.acadubarbage.com\/index.php\/chambre-verte\/\"><img decoding=\"async\" width=\"1200\" height=\"1600\" src=\"http:\/\/www.acadubarbage.com\/wp-content\/uploads\/2024\/11\/WhatsApp-Image-2024-11-19-a-20.27.09_ac45621d.jpg\" alt=\"\" class=\"wp-image-129\" style=\"border-radius:15px;aspect-ratio:1;object-fit:cover\" srcset=\"https:\/\/www.acadubarbage.com\/wp-content\/uploads\/2024\/11\/WhatsApp-Image-2024-11-19-a-20.27.09_ac45621d.jpg 1200w, https:\/\/www.acadubarbage.com\/wp-content\/uploads\/2024\/11\/WhatsApp-Image-2024-11-19-a-20.27.09_ac45621d-225x300.jpg 225w, https:\/\/www.acadubarbage.com\/wp-content\/uploads\/2024\/11\/WhatsApp-Image-2024-11-19-a-20.27.09_ac45621d-768x1024.jpg 768w, https:\/\/www.acadubarbage.com\/wp-content\/uploads\/2024\/11\/WhatsApp-Image-2024-11-19-a-20.27.09_ac45621d-1152x1536.jpg 1152w\" sizes=\"(max-width: 1200px) 100vw, 1200px\" \/><\/a><\/figure>\n\n\n\n<h5 class=\"wp-block-heading has-text-align-center has-text-color\" style=\"color:#07277c;font-size:1.61rem;font-style:normal;font-weight:600;line-height:1.4;text-transform:capitalize\">Chambre Verte<\/h5>\n<\/div>\n\n\n\n<div class=\"wp-block-group is-layout-constrained wp-container-core-group-is-layout-4f9f0532 wp-block-group-is-layout-constrained\">\n<p class=\"has-text-align-center has-text-color\" style=\"color:#252525;margin-top:0rem;font-size:0.91rem;font-style:normal;font-weight:400;line-height:1.5\">D\u00e9couvrez notre Suite Verte, un refuge paisible aux teintes naturelles, offrant une atmosph\u00e8re relaxante et un confort absolu pour un s\u00e9jour ressour\u00e7ant.<\/p>\n<\/div>\n<\/div>\n\n\n\n<div class=\"wp-block-column is-content-justification-center is-layout-constrained wp-container-core-column-is-layout-412b4476 wp-block-column-is-layout-constrained\" style=\"padding-bottom:2rem\">\n<div class=\"wp-block-group is-layout-constrained wp-container-core-group-is-layout-668d2085 wp-block-group-is-layout-constrained\">\n<figure class=\"wp-block-image aligncenter size-full has-custom-border\"><a href=\"https:\/\/www.acadubarbage.com\/index.php\/chambre-jaune\/\"><img decoding=\"async\" width=\"1200\" height=\"1600\" src=\"http:\/\/www.acadubarbage.com\/wp-content\/uploads\/2024\/11\/WhatsApp-Image-2024-11-19-a-20.19.57_deade719.jpg\" alt=\"\" class=\"wp-image-104\" style=\"border-radius:15px;aspect-ratio:1;object-fit:cover\" srcset=\"https:\/\/www.acadubarbage.com\/wp-content\/uploads\/2024\/11\/WhatsApp-Image-2024-11-19-a-20.19.57_deade719.jpg 1200w, https:\/\/www.acadubarbage.com\/wp-content\/uploads\/2024\/11\/WhatsApp-Image-2024-11-19-a-20.19.57_deade719-225x300.jpg 225w, https:\/\/www.acadubarbage.com\/wp-content\/uploads\/2024\/11\/WhatsApp-Image-2024-11-19-a-20.19.57_deade719-768x1024.jpg 768w, https:\/\/www.acadubarbage.com\/wp-content\/uploads\/2024\/11\/WhatsApp-Image-2024-11-19-a-20.19.57_deade719-1152x1536.jpg 1152w\" sizes=\"(max-width: 1200px) 100vw, 1200px\" \/><\/a><\/figure>\n\n\n\n<h5 class=\"wp-block-heading has-text-align-center has-text-color\" style=\"color:#07277c;font-size:1.61rem;font-style:normal;font-weight:600;line-height:1.4;text-transform:capitalize\">Chambre Jaune<\/h5>\n<\/div>\n\n\n\n<div class=\"wp-block-group is-layout-constrained wp-container-core-group-is-layout-4f9f0532 wp-block-group-is-layout-constrained\">\n<p class=\"has-text-align-center has-text-color\" style=\"color:#252525;margin-top:0rem;font-size:0.91rem;font-style:normal;font-weight:400;line-height:1.5\">D\u00e9couvrez notre Suite Jaune, un espace chaleureux et lumineux, sublim\u00e9 par des teintes ensoleill\u00e9es pour une ambiance pleine de vitalit\u00e9 et de confort.<\/p>\n<\/div>\n<\/div>\n<\/div>\n<\/div>\n<\/div>\n\n\n\n<div class=\"wp-block-group alignfull has-background is-layout-constrained wp-container-core-group-is-layout-6d8556d3 wp-block-group-is-layout-constrained\" style=\"background-color:#f5f8f5;margin-top:0px;margin-bottom:0px;padding-top:100px;padding-right:20px;padding-bottom:100px;padding-left:20px\">\n<div class=\"wp-block-columns alignwide is-layout-flex wp-container-core-columns-is-layout-8e3aed5f wp-block-columns-is-layout-flex\" style=\"border-style:none;border-width:0px;margin-top:0px;margin-bottom:0px;padding-top:0px;padding-right:30px;padding-bottom:0px;padding-left:30px\">\n<div class=\"wp-block-column is-vertically-aligned-center is-layout-flow wp-container-core-column-is-layout-abe5317a wp-block-column-is-layout-flow\" style=\"padding-top:0px;padding-right:0px;padding-bottom:40px;padding-left:0px\">\n<h6 class=\"wp-block-heading has-text-color\" style=\"color:#a4b09a;margin-bottom:12px;font-size:12px\">Nos Valeurs<\/h6>\n\n\n\n<h2 class=\"wp-block-heading has-text-color has-inter-font-family\" style=\"color:#536942;margin-top:0;margin-bottom:36px;font-size:40px;font-style:normal;font-weight:400\">Venez vivre l\u02bcauthenticit\u00e9 italienne dans un cadre chaleureux et accueillant.<\/h2>\n\n\n\n<p class=\"has-text-color\" style=\"color:#768667;margin-bottom:2.75rem;font-size:16px\">Nous croyons en l\u02bchospitalit\u00e9 authentique et en la connexion avec nos invit\u00e9s. Chaque d\u00e9tail de notre Bed &amp; Breakfast refl\u00e8te l\u02bcamour pour notre r\u00e9gion. Nous sommes passionn\u00e9s par la culture italienne et souhaitons partager cette exp\u00e9rience unique avec vous, en vous faisant sentir comme chez vous.<\/p>\n\n\n\n<div class=\"wp-block-buttons is-content-justification-left is-layout-flex wp-container-core-buttons-is-layout-fc4fd283 wp-block-buttons-is-layout-flex\">\n<div class=\"wp-block-button has-custom-font-size is-style-outline is-style-outline--2\" style=\"font-size:15px;line-height:1\"><a class=\"wp-block-button__link has-text-color has-background has-border-color wp-element-button\" style=\"border-color:#768667;border-width:1px;border-radius:7px;color:#536942;background-color:#ffffff00;padding-top:17px;padding-right:40px;padding-bottom:17px;padding-left:40px\">Venez Nous Visiter<\/a><\/div>\n<\/div>\n<\/div>\n\n\n\n<div class=\"wp-block-column is-layout-flow wp-block-column-is-layout-flow\" style=\"flex-basis:40%\">\n<figure class=\"wp-block-image size-full\"><img loading=\"lazy\" decoding=\"async\" width=\"1536\" height=\"2048\" src=\"http:\/\/www.acadubarbage.com\/wp-content\/uploads\/2024\/11\/WhatsApp-Image-2024-11-19-a-20.16.51_978d3281.jpg\" alt=\"\" class=\"wp-image-74\" srcset=\"https:\/\/www.acadubarbage.com\/wp-content\/uploads\/2024\/11\/WhatsApp-Image-2024-11-19-a-20.16.51_978d3281.jpg 1536w, https:\/\/www.acadubarbage.com\/wp-content\/uploads\/2024\/11\/WhatsApp-Image-2024-11-19-a-20.16.51_978d3281-225x300.jpg 225w, https:\/\/www.acadubarbage.com\/wp-content\/uploads\/2024\/11\/WhatsApp-Image-2024-11-19-a-20.16.51_978d3281-768x1024.jpg 768w, https:\/\/www.acadubarbage.com\/wp-content\/uploads\/2024\/11\/WhatsApp-Image-2024-11-19-a-20.16.51_978d3281-1152x1536.jpg 1152w\" sizes=\"(max-width: 1536px) 100vw, 1536px\" \/><\/figure>\n<\/div>\n<\/div>\n<\/div>\n\n\n\n<div class=\"wp-block-cover alignfull is-light has-custom-color-2-color has-text-color\" style=\"margin-top:0px;margin-bottom:0px;padding-top:100px;padding-right:20px;padding-bottom:100px;padding-left:20px\"><span aria-hidden=\"true\" class=\"wp-block-cover__background has-custom-color-1-background-color has-background-dim-0 has-background-dim\"><\/span><div class=\"wp-block-cover__inner-container is-layout-constrained wp-container-core-cover-is-layout-47630ab8 wp-block-cover-is-layout-constrained\">\n<h2 class=\"wp-block-heading has-text-align-center has-text-color\" style=\"color:#536942;margin-top:0px;margin-right:0px;margin-bottom:16px;margin-left:0px;font-size:40px;font-style:normal;font-weight:400;line-height:1.2\">Nos Services<\/h2>\n\n\n\n<hr class=\"wp-block-separator has-text-color has-alpha-channel-opacity has-background\" style=\"margin-top:0px;margin-bottom:50px;background-color:#ffd835;color:#ffd835\"\/>\n\n\n\n<div class=\"wp-block-columns is-layout-flex wp-container-core-columns-is-layout-13e94aa7 wp-block-columns-is-layout-flex\">\n<div class=\"wp-block-column is-layout-flow wp-container-core-column-is-layout-fe0e2ea3 wp-block-column-is-layout-flow\">\n<figure class=\"wp-block-image size-full\"><img loading=\"lazy\" decoding=\"async\" width=\"1200\" height=\"1600\" src=\"http:\/\/www.acadubarbage.com\/wp-content\/uploads\/2024\/11\/WhatsApp-Image-2024-11-19-a-20.27.11_2b1a05de.jpg\" alt=\"\" class=\"wp-image-132\" style=\"aspect-ratio:3\/4;object-fit:cover\" srcset=\"https:\/\/www.acadubarbage.com\/wp-content\/uploads\/2024\/11\/WhatsApp-Image-2024-11-19-a-20.27.11_2b1a05de.jpg 1200w, https:\/\/www.acadubarbage.com\/wp-content\/uploads\/2024\/11\/WhatsApp-Image-2024-11-19-a-20.27.11_2b1a05de-225x300.jpg 225w, https:\/\/www.acadubarbage.com\/wp-content\/uploads\/2024\/11\/WhatsApp-Image-2024-11-19-a-20.27.11_2b1a05de-768x1024.jpg 768w, https:\/\/www.acadubarbage.com\/wp-content\/uploads\/2024\/11\/WhatsApp-Image-2024-11-19-a-20.27.11_2b1a05de-1152x1536.jpg 1152w\" sizes=\"(max-width: 1200px) 100vw, 1200px\" \/><\/figure>\n\n\n\n<h4 class=\"wp-block-heading has-text-color\" style=\"color:#536942;margin-top:1.75rem;font-size:22px;font-style:normal;font-weight:400\">Suites Confortables<\/h4>\n\n\n\n<p class=\"has-text-color\" style=\"color:#768667;margin-bottom:0rem;font-size:16px\">Nos suites allient \u00e9l\u00e9gance et confort, cr\u00e9ant un havre de paix pour un s\u00e9jour inoubliable \u00e0 Vallebona.<\/p>\n<\/div>\n\n\n\n<div class=\"wp-block-column is-layout-flow wp-container-core-column-is-layout-fe0e2ea3 wp-block-column-is-layout-flow\">\n<figure class=\"wp-block-image size-full\"><img loading=\"lazy\" decoding=\"async\" width=\"1920\" height=\"1224\" src=\"http:\/\/www.acadubarbage.com\/wp-content\/uploads\/2024\/11\/cropped-WhatsApp-Image-2024-11-19-a-20.16.55_580613aa.jpg\" alt=\"\" class=\"wp-image-143\" style=\"aspect-ratio:3\/4;object-fit:cover\" srcset=\"https:\/\/www.acadubarbage.com\/wp-content\/uploads\/2024\/11\/cropped-WhatsApp-Image-2024-11-19-a-20.16.55_580613aa.jpg 1920w, https:\/\/www.acadubarbage.com\/wp-content\/uploads\/2024\/11\/cropped-WhatsApp-Image-2024-11-19-a-20.16.55_580613aa-300x191.jpg 300w, https:\/\/www.acadubarbage.com\/wp-content\/uploads\/2024\/11\/cropped-WhatsApp-Image-2024-11-19-a-20.16.55_580613aa-1024x653.jpg 1024w, https:\/\/www.acadubarbage.com\/wp-content\/uploads\/2024\/11\/cropped-WhatsApp-Image-2024-11-19-a-20.16.55_580613aa-768x490.jpg 768w, https:\/\/www.acadubarbage.com\/wp-content\/uploads\/2024\/11\/cropped-WhatsApp-Image-2024-11-19-a-20.16.55_580613aa-1536x979.jpg 1536w\" sizes=\"(max-width: 1920px) 100vw, 1920px\" \/><\/figure>\n\n\n\n<h4 class=\"wp-block-heading has-text-color\" style=\"color:#536942;margin-top:1.75rem;font-size:22px;font-style:normal;font-weight:400\">Petit-D\u00e9jeuner Gourmet<\/h4>\n\n\n\n<p class=\"has-text-color\" style=\"color:#768667;font-size:16px\">Savourez un petit-d\u00e9jeuner fait maison avec des produits frais, pour bien commencer votre journ\u00e9e d\u02bcaventures.<\/p>\n<\/div>\n\n\n\n<div class=\"wp-block-column is-layout-flow wp-container-core-column-is-layout-da1d6529 wp-block-column-is-layout-flow\">\n<figure class=\"wp-block-image size-full\"><img loading=\"lazy\" decoding=\"async\" width=\"1200\" height=\"1600\" src=\"http:\/\/www.acadubarbage.com\/wp-content\/uploads\/2024\/11\/WhatsApp-Image-2024-11-19-a-20.17.14_01820cfe.jpg\" alt=\"\" class=\"wp-image-92\" srcset=\"https:\/\/www.acadubarbage.com\/wp-content\/uploads\/2024\/11\/WhatsApp-Image-2024-11-19-a-20.17.14_01820cfe.jpg 1200w, https:\/\/www.acadubarbage.com\/wp-content\/uploads\/2024\/11\/WhatsApp-Image-2024-11-19-a-20.17.14_01820cfe-225x300.jpg 225w, https:\/\/www.acadubarbage.com\/wp-content\/uploads\/2024\/11\/WhatsApp-Image-2024-11-19-a-20.17.14_01820cfe-768x1024.jpg 768w, https:\/\/www.acadubarbage.com\/wp-content\/uploads\/2024\/11\/WhatsApp-Image-2024-11-19-a-20.17.14_01820cfe-1152x1536.jpg 1152w\" sizes=\"(max-width: 1200px) 100vw, 1200px\" \/><\/figure>\n\n\n\n<h4 class=\"wp-block-heading has-text-color\" style=\"color:#536942;margin-top:1.75rem;font-size:22px;font-style:normal;font-weight:400\">Exp\u00e9riences Locales<\/h4>\n\n\n\n<p class=\"has-text-color\" style=\"color:#768667;font-size:16px\">D\u00e9couvrez la magie de Vallebona avec des activit\u00e9s uniques et des excursions \u00e0 couper le souffle.<\/p>\n<\/div>\n<\/div>\n<\/div><\/div>\n\n\n\n<div class=\"wp-block-cover alignfull has-custom-color-2-color has-text-color\" style=\"margin-top:0;margin-bottom:0;padding-top:120px;padding-right:20px;padding-bottom:120px;padding-left:20px;min-height:50px;aspect-ratio:unset;\"><span aria-hidden=\"true\" class=\"wp-block-cover__background has-background-dim-0 has-background-dim\" style=\"background-color:#807a72\"><\/span><img loading=\"lazy\" decoding=\"async\" width=\"1536\" height=\"2048\" class=\"wp-block-cover__image-background wp-image-81\" alt=\"\" src=\"http:\/\/www.acadubarbage.com\/wp-content\/uploads\/2024\/11\/WhatsApp-Image-2024-11-19-a-20.17.02_900af756.jpg\" data-object-fit=\"cover\" srcset=\"https:\/\/www.acadubarbage.com\/wp-content\/uploads\/2024\/11\/WhatsApp-Image-2024-11-19-a-20.17.02_900af756.jpg 1536w, https:\/\/www.acadubarbage.com\/wp-content\/uploads\/2024\/11\/WhatsApp-Image-2024-11-19-a-20.17.02_900af756-225x300.jpg 225w, https:\/\/www.acadubarbage.com\/wp-content\/uploads\/2024\/11\/WhatsApp-Image-2024-11-19-a-20.17.02_900af756-768x1024.jpg 768w, https:\/\/www.acadubarbage.com\/wp-content\/uploads\/2024\/11\/WhatsApp-Image-2024-11-19-a-20.17.02_900af756-1152x1536.jpg 1152w\" sizes=\"(max-width: 1536px) 100vw, 1536px\" \/><div class=\"wp-block-cover__inner-container is-layout-constrained wp-container-core-cover-is-layout-619827bf wp-block-cover-is-layout-constrained\">\n<h2 class=\"wp-block-heading has-text-align-center has-text-color\" style=\"color:#536942;font-size:58px;font-style:normal;font-weight:400;letter-spacing:-2px;line-height:1.2\">Contactez-Nous<\/h2>\n\n\n\n<p class=\"has-text-align-center has-text-color\" style=\"color:#768667;margin-bottom:2.5rem;font-size:17px;font-style:normal;font-weight:400;line-height:1.9\">Nous sommes l\u00e0 pour r\u00e9pondre \u00e0 vos questions. Contactez-nous et commencez votre aventure \u00e0 Vallebona aujourd\u02bchui !<\/p>\n\n\n\n<div class=\"wp-block-buttons is-content-justification-center is-layout-flex wp-container-core-buttons-is-layout-a89b3969 wp-block-buttons-is-layout-flex\">\n<div class=\"wp-block-button has-custom-font-size\" style=\"font-size:16px;line-height:1\"><a class=\"wp-block-button__link has-text-color has-background wp-element-button\" href=\"https:\/\/www.acadubarbage.com\/index.php\/contact\/\" style=\"border-width:1px;color:#536942;background-color:#ffd835;padding-top:17px;padding-right:40px;padding-bottom:17px;padding-left:40px\">Envoyez un Message<\/a><\/div>\n<\/div>\n<\/div><\/div>\n\n\n\n<p><\/p>\n","protected":false},"excerpt":{"rendered":"<p>Nos Suites Chambre Bleu D\u00e9couvrez notre Suite Bleue, un havre de paix alliant \u00e9l\u00e9gance et confort, avec des nuances apaisantes [&hellip;]<\/p>\n","protected":false},"author":1,"featured_media":0,"parent":0,"menu_order":0,"comment_status":"closed","ping_status":"closed","template":"","meta":{"site-sidebar-layout":"default","site-content-layout":"","ast-site-content-layout":"","site-content-style":"default","site-sidebar-style":"default","ast-global-header-display":"","ast-banner-title-visibility":"","ast-main-header-display":"","ast-hfb-above-header-display":"","ast-hfb-below-header-display":"","ast-hfb-mobile-header-display":"","site-post-title":"disabled","ast-breadcrumbs-content":"","ast-featured-img":"","footer-sml-layout":"","theme-transparent-header-meta":"","adv-header-id-meta":"","stick-header-meta":"","header-above-stick-meta":"","header-main-stick-meta":"","header-below-stick-meta":"","astra-migrate-meta-layouts":"default","ast-page-background-enabled":"default","ast-page-background-meta":{"desktop":{"background-color":"var(--ast-global-color-4)","background-image":"","background-repeat":"repeat","background-position":"center center","background-size":"auto","background-attachment":"scroll","background-type":"","background-media":"","overlay-type":"","overlay-color":"","overlay-opacity":"","overlay-gradient":""},"tablet":{"background-color":"","background-image":"","background-repeat":"repeat","background-position":"center center","background-size":"auto","background-attachment":"scroll","background-type":"","background-media":"","overlay-type":"","overlay-color":"","overlay-opacity":"","overlay-gradient":""},"mobile":{"background-color":"","background-image":"","background-repeat":"repeat","background-position":"center center","background-size":"auto","background-attachment":"scroll","background-type":"","background-media":"","overlay-type":"","overlay-color":"","overlay-opacity":"","overlay-gradient":""}},"ast-content-background-meta":{"desktop":{"background-color":"var(--ast-global-color-5)","background-image":"","background-repeat":"repeat","background-position":"center center","background-size":"auto","background-attachment":"scroll","background-type":"","background-media":"","overlay-type":"","overlay-color":"","overlay-opacity":"","overlay-gradient":""},"tablet":{"background-color":"var(--ast-global-color-5)","background-image":"","background-repeat":"repeat","background-position":"center center","background-size":"auto","background-attachment":"scroll","background-type":"","background-media":"","overlay-type":"","overlay-color":"","overlay-opacity":"","overlay-gradient":""},"mobile":{"background-color":"var(--ast-global-color-5)","background-image":"","background-repeat":"repeat","background-position":"center center","background-size":"auto","background-attachment":"scroll","background-type":"","background-media":"","overlay-type":"","overlay-color":"","overlay-opacity":"","overlay-gradient":""}},"footnotes":""},"class_list":["post-154","page","type-page","status-publish","hentry"],"_links":{"self":[{"href":"https:\/\/www.acadubarbage.com\/index.php\/wp-json\/wp\/v2\/pages\/154","targetHints":{"allow":["GET"]}}],"collection":[{"href":"https:\/\/www.acadubarbage.com\/index.php\/wp-json\/wp\/v2\/pages"}],"about":[{"href":"https:\/\/www.acadubarbage.com\/index.php\/wp-json\/wp\/v2\/types\/page"}],"author":[{"embeddable":true,"href":"https:\/\/www.acadubarbage.com\/index.php\/wp-json\/wp\/v2\/users\/1"}],"replies":[{"embeddable":true,"href":"https:\/\/www.acadubarbage.com\/index.php\/wp-json\/wp\/v2\/comments?post=154"}],"version-history":[{"count":17,"href":"https:\/\/www.acadubarbage.com\/index.php\/wp-json\/wp\/v2\/pages\/154\/revisions"}],"predecessor-version":[{"id":298,"href":"https:\/\/www.acadubarbage.com\/index.php\/wp-json\/wp\/v2\/pages\/154\/revisions\/298"}],"wp:attachment":[{"href":"https:\/\/www.acadubarbage.com\/index.php\/wp-json\/wp\/v2\/media?parent=154"}],"curies":[{"name":"wp","href":"https:\/\/api.w.org\/{rel}","templated":true}]}}